{"id":300,"date":"2025-10-23T12:10:58","date_gmt":"2025-10-23T10:10:58","guid":{"rendered":"https:\/\/www.bullesdesoi.fr\/?page_id=300"},"modified":"2026-03-05T11:12:19","modified_gmt":"2026-03-05T10:12:19","slug":"coaching-et-energetique","status":"publish","type":"page","link":"https:\/\/www.bullesdesoi.fr\/index.php\/ma-proposition\/coaching-et-energetique\/","title":{"rendered":"Coaching et Energ\u00e9tique Quantique"},"content":{"rendered":"\n<blockquote class=\"wp-block-quote is-layout-flow wp-block-quote-is-layout-flow\">\n<p>Lib\u00e9rer d&rsquo;anciens sch\u00e9mas et blocages, et se permettre d&rsquo;avancer sur son propre chemin<\/p>\n<\/blockquote>\n\n\n\n<p>Une session coaching \u00e9nerg\u00e9tique m\u00eale :<\/p>\n\n\n\n<ul class=\"wp-block-list\">\n<li> L\u2019\u00e9change et la parole,<br>D\u00e9poser ce qui a besoin de l\u2019\u00eatre, \u00e9changer et ouvrir des portes \u00e0 d\u2019autres angles de vue<\/li>\n<\/ul>\n\n\n\n<ul class=\"wp-block-list\">\n<li>Le r\u00e9\u00e9quilibrage \u00e9nerg\u00e9tique,<br>R\u00e9harmoniser les syst\u00e8mes, <br>Travailler sur les points bloqu\u00e9s pour r\u00e9tablir le flux \u00e9nerg\u00e9tique<br>\u00catre travers\u00e9 par ce qui est l\u00e0 et faire un pas en avant en d\u00e9posant ce qui n\u2019a plus lieu d\u2019\u00eatre<\/li>\n<\/ul>\n\n\n\n<p>En connexion avec votre corps et votre \u00catre, je facilite les lib\u00e9rations, r\u00e9harmonisations, r\u00e9\u00e9quilibrages et ouvertures vers la Suite pour que vous repartiez avec les cl\u00e9s en main pour poursuivre votre Chemin de Vie pleinement incarn\u00e9 dans le moment pr\u00e9sent. <\/p>\n","protected":false},"excerpt":{"rendered":"<p>Lib\u00e9rer d&rsquo;anciens sch\u00e9mas et blocages, et se permettre d&rsquo;avancer sur son propre chemin Une session coaching \u00e9nerg\u00e9tique m\u00eale : En connexion avec votre corps et votre \u00catre, je facilite les lib\u00e9rations, r\u00e9harmonisations, r\u00e9\u00e9quilibrages et ouvertures vers la Suite pour que vous repartiez avec les cl\u00e9s en main pour poursuivre votre Chemin de Vie pleinement incarn\u00e9 [&hellip;]<\/p>\n","protected":false},"author":1,"featured_media":0,"parent":41,"menu_order":1,"comment_status":"closed","ping_status":"closed","template":"","meta":{"footnotes":""},"class_list":["post-300","page","type-page","status-publish","hentry"],"_links":{"self":[{"href":"https:\/\/www.bullesdesoi.fr\/index.php\/wp-json\/wp\/v2\/pages\/300","targetHints":{"allow":["GET"]}}],"collection":[{"href":"https:\/\/www.bullesdesoi.fr\/index.php\/wp-json\/wp\/v2\/pages"}],"about":[{"href":"https:\/\/www.bullesdesoi.fr\/index.php\/wp-json\/wp\/v2\/types\/page"}],"author":[{"embeddable":true,"href":"https:\/\/www.bullesdesoi.fr\/index.php\/wp-json\/wp\/v2\/users\/1"}],"replies":[{"embeddable":true,"href":"https:\/\/www.bullesdesoi.fr\/index.php\/wp-json\/wp\/v2\/comments?post=300"}],"version-history":[{"count":5,"href":"https:\/\/www.bullesdesoi.fr\/index.php\/wp-json\/wp\/v2\/pages\/300\/revisions"}],"predecessor-version":[{"id":347,"href":"https:\/\/www.bullesdesoi.fr\/index.php\/wp-json\/wp\/v2\/pages\/300\/revisions\/347"}],"up":[{"embeddable":true,"href":"https:\/\/www.bullesdesoi.fr\/index.php\/wp-json\/wp\/v2\/pages\/41"}],"wp:attachment":[{"href":"https:\/\/www.bullesdesoi.fr\/index.php\/wp-json\/wp\/v2\/media?parent=300"}],"curies":[{"name":"wp","href":"https:\/\/api.w.org\/{rel}","templated":true}]}}