{"id":342,"date":"2026-03-05T11:10:00","date_gmt":"2026-03-05T10:10:00","guid":{"rendered":"https:\/\/www.bullesdesoi.fr\/?page_id=342"},"modified":"2026-03-05T11:10:00","modified_gmt":"2026-03-05T10:10:00","slug":"massage-intuitif-guide","status":"publish","type":"page","link":"https:\/\/www.bullesdesoi.fr\/index.php\/massage-intuitif-guide\/","title":{"rendered":"Massage Intuitif Guid\u00e9"},"content":{"rendered":"\n<p>Le Massage Intuitif Guid\u00e9 s&rsquo;adapte \u00e0 chacun, \u00e0 chaque corps avec l&rsquo;\u00e9tat d&rsquo;\u00eatre avec lequel il arrive au moment du Soin. <\/p>\n\n\n\n<p>Apr\u00e8s un moment d&rsquo;Accueil et de mise en mot des envies, des besoins, de l&rsquo;intention et particularit\u00e9s s&rsquo;il y a, je rentre en connexion avec votre \u00catre, et le massage est alors guid\u00e9 par le corps et ses r\u00e9ponses, pour venir accompagner, lib\u00e9rer et activer ce qui est pr\u00eat \u00e0 l&rsquo;\u00eatre. <\/p>\n\n\n\n<p>Au del\u00e0 d&rsquo;un temps de bien-\u00eatre, c&rsquo;est un r\u00e9el moment de ressourcement, de lib\u00e9ration et de r\u00e9\u00e9quilibrage \u00e0 s&rsquo;offrir pour repartir plus align\u00e9, plus ancr\u00e9 dans la suite de son Chemin de Vie. <\/p>\n","protected":false},"excerpt":{"rendered":"<p>Le Massage Intuitif Guid\u00e9 s&rsquo;adapte \u00e0 chacun, \u00e0 chaque corps avec l&rsquo;\u00e9tat d&rsquo;\u00eatre avec lequel il arrive au moment du Soin. Apr\u00e8s un moment d&rsquo;Accueil et de mise en mot des envies, des besoins, de l&rsquo;intention et particularit\u00e9s s&rsquo;il y a, je rentre en connexion avec votre \u00catre, et le massage est alors guid\u00e9 par [&hellip;]<\/p>\n","protected":false},"author":1,"featured_media":0,"parent":0,"menu_order":0,"comment_status":"closed","ping_status":"closed","template":"","meta":{"footnotes":""},"class_list":["post-342","page","type-page","status-publish","hentry"],"_links":{"self":[{"href":"https:\/\/www.bullesdesoi.fr\/index.php\/wp-json\/wp\/v2\/pages\/342","targetHints":{"allow":["GET"]}}],"collection":[{"href":"https:\/\/www.bullesdesoi.fr\/index.php\/wp-json\/wp\/v2\/pages"}],"about":[{"href":"https:\/\/www.bullesdesoi.fr\/index.php\/wp-json\/wp\/v2\/types\/page"}],"author":[{"embeddable":true,"href":"https:\/\/www.bullesdesoi.fr\/index.php\/wp-json\/wp\/v2\/users\/1"}],"replies":[{"embeddable":true,"href":"https:\/\/www.bullesdesoi.fr\/index.php\/wp-json\/wp\/v2\/comments?post=342"}],"version-history":[{"count":1,"href":"https:\/\/www.bullesdesoi.fr\/index.php\/wp-json\/wp\/v2\/pages\/342\/revisions"}],"predecessor-version":[{"id":344,"href":"https:\/\/www.bullesdesoi.fr\/index.php\/wp-json\/wp\/v2\/pages\/342\/revisions\/344"}],"wp:attachment":[{"href":"https:\/\/www.bullesdesoi.fr\/index.php\/wp-json\/wp\/v2\/media?parent=342"}],"curies":[{"name":"wp","href":"https:\/\/api.w.org\/{rel}","templated":true}]}}