{"id":428,"date":"2026-04-18T19:08:07","date_gmt":"2026-04-18T17:08:07","guid":{"rendered":"https:\/\/www.bullesdesoi.fr\/?page_id=428"},"modified":"2026-04-18T19:36:19","modified_gmt":"2026-04-18T17:36:19","slug":"en-entreprise","status":"publish","type":"page","link":"https:\/\/www.bullesdesoi.fr\/index.php\/en-entreprise\/","title":{"rendered":"En Entreprise"},"content":{"rendered":"\n<p>Organisation de journ\u00e9es dans le cadre de la QVT.<\/p>\n\n\n\n<ul class=\"wp-block-list\">\n<li>massages d\u00e9tente<\/li>\n\n\n\n<li>ateliers collectifs autour de la Confiance en Soi et de l&rsquo;Estime de Soi<\/li>\n<\/ul>\n\n\n\n<p>Le projet s&rsquo;adapte au public, aux objectifs vis\u00e9s, aux locaux et temps mis \u00e0 disposition. <\/p>\n\n\n\n<p>Il peuvent \u00eatre ponctuels ou r\u00e9guliers, permettant un meilleur accompagnement et progression sur le long terme. <\/p>\n\n\n\n<p><em>Me contacter pour tout renseignement et demande de devis : 06 69 64 69 83 ou imbertfanny@sfr.fr<\/em><\/p>\n\n\n\n<figure class=\"wp-block-image size-large\"><img loading=\"lazy\" decoding=\"async\" width=\"722\" height=\"1024\" src=\"https:\/\/www.bullesdesoi.fr\/wp-content\/uploads\/2026\/04\/en-entreprise-722x1024.png\" alt=\"\" class=\"wp-image-443\" srcset=\"https:\/\/www.bullesdesoi.fr\/wp-content\/uploads\/2026\/04\/en-entreprise-722x1024.png 722w, https:\/\/www.bullesdesoi.fr\/wp-content\/uploads\/2026\/04\/en-entreprise-212x300.png 212w, https:\/\/www.bullesdesoi.fr\/wp-content\/uploads\/2026\/04\/en-entreprise-768x1089.png 768w, https:\/\/www.bullesdesoi.fr\/wp-content\/uploads\/2026\/04\/en-entreprise-1083x1536.png 1083w, https:\/\/www.bullesdesoi.fr\/wp-content\/uploads\/2026\/04\/en-entreprise-510x724.png 510w, https:\/\/www.bullesdesoi.fr\/wp-content\/uploads\/2026\/04\/en-entreprise-1320x1872.png 1320w, https:\/\/www.bullesdesoi.fr\/wp-content\/uploads\/2026\/04\/en-entreprise.png 1410w\" sizes=\"auto, (max-width: 722px) 100vw, 722px\" \/><\/figure>\n","protected":false},"excerpt":{"rendered":"<p>Organisation de journ\u00e9es dans le cadre de la QVT. Le projet s&rsquo;adapte au public, aux objectifs vis\u00e9s, aux locaux et temps mis \u00e0 disposition. Il peuvent \u00eatre ponctuels ou r\u00e9guliers, permettant un meilleur accompagnement et progression sur le long terme. Me contacter pour tout renseignement et demande de devis : 06 69 64 69 83 [&hellip;]<\/p>\n","protected":false},"author":1,"featured_media":0,"parent":0,"menu_order":0,"comment_status":"closed","ping_status":"closed","template":"","meta":{"footnotes":""},"class_list":["post-428","page","type-page","status-publish","hentry"],"_links":{"self":[{"href":"https:\/\/www.bullesdesoi.fr\/index.php\/wp-json\/wp\/v2\/pages\/428","targetHints":{"allow":["GET"]}}],"collection":[{"href":"https:\/\/www.bullesdesoi.fr\/index.php\/wp-json\/wp\/v2\/pages"}],"about":[{"href":"https:\/\/www.bullesdesoi.fr\/index.php\/wp-json\/wp\/v2\/types\/page"}],"author":[{"embeddable":true,"href":"https:\/\/www.bullesdesoi.fr\/index.php\/wp-json\/wp\/v2\/users\/1"}],"replies":[{"embeddable":true,"href":"https:\/\/www.bullesdesoi.fr\/index.php\/wp-json\/wp\/v2\/comments?post=428"}],"version-history":[{"count":3,"href":"https:\/\/www.bullesdesoi.fr\/index.php\/wp-json\/wp\/v2\/pages\/428\/revisions"}],"predecessor-version":[{"id":444,"href":"https:\/\/www.bullesdesoi.fr\/index.php\/wp-json\/wp\/v2\/pages\/428\/revisions\/444"}],"wp:attachment":[{"href":"https:\/\/www.bullesdesoi.fr\/index.php\/wp-json\/wp\/v2\/media?parent=428"}],"curies":[{"name":"wp","href":"https:\/\/api.w.org\/{rel}","templated":true}]}}